{"id":9886,"date":"2023-09-29T10:11:07","date_gmt":"2023-09-29T09:11:07","guid":{"rendered":"https:\/\/davismethod.com\/?page_id=9886"},"modified":"2025-07-07T14:32:14","modified_gmt":"2025-07-07T13:32:14","slug":"onze-visie","status":"publish","type":"page","link":"https:\/\/davismethod.com\/nl\/onze-visie\/","title":{"rendered":"Onze visie"},"content":{"rendered":"<section class=\"npd\" >\n\t<div class=\"wrap\">\n\t\t<h2>Leren en levens blijvend veranderen<\/h2>\n<p>Davis is een internationale organisatie voor neurodivergente mensen van alle leeftijden die uitdagingen ervaren. Zij kunnen met de Davis-methode hun leervaardigheden en sociale vaardigheden blijvend veranderen.<\/p>\n<p>Onze visie is dat iedereen die anders denkt en leert zijn ware potentieel kan gaan gebruiken.<\/p>\n<p>We bereiken dit door:<\/p>\n<ul>\n<li>Het delen van Davis\u2019 unieke inzichten. Wij begrijpen de oorzaak van zowel de waarnemingsgave als de uitdagingen bij neurodivergent denken.<\/li>\n<li>Het verspreiden van onze bewezen, op de eigen kracht gebaseerde technieken en effectieve leerstrategie\u00ebn. Deze komen terug in onze praktische programma\u2019s en trainingsworkshops.<\/li>\n<\/ul>\n<p>Wij richten ons op volwassenen en kinderen met dyslexie, dyscalculie, dysgrafie, dyspraxie, AD(H)D, autisme of uitdagingen met executieve functies. Wij begrijpen neurodivergentie \u2018van binnenuit\u2019.<\/p>\n<p>We bieden duidelijke antwoorden en aanmoediging. Zo ontdek je eindelijk wat jou tegenhoudt en hoe je dit definitief achter je kunt laten.<\/p>\n\t<\/div>\n<\/section>\n<section class=\"intro tribg\">\n\t<div class=\"wrap\">\n\t\t<p><img decoding=\"async\" class=\"northstar-logo aligncenter\" src=\"https:\/\/davismethod.com\/wp-content\/uploads\/2025\/07\/north-star.svg\" alt=\"Ons kompas Blijvend effect\"><\/p>\n<h3 style=\"margin-top: -213px;font-size: 40px;line-height: 1;padding: 0\"><strong>Ons kompas:<\/strong><\/h3>\n<h3 style=\"margin-bottom: 90px;font-size: 83px;line-height: 1;padding: 0\"><strong>BLIJVEND EFFECT<\/strong><\/h3>\n<h3><strong>Visie<\/strong><\/h3>\n<p>Onze visie is dat iedereen die anders denkt en leert zijn ware potentieel kan gaan gebruiken.<\/p>\n<h3><strong>Missie<\/strong><\/h3>\n<p><span lang=\"EN-GB\" data-olk-copy-source=\"MessageBody\">Davis richt zich op neurodivergente mensen van alle leeftijden. We ondersteunen hen die anders denken en leren. Zo verandert hun leerproces blijvend. Daarnaast ontsluiten ze hun talenten op een levensveranderende manier.<\/span><\/p>\n\t<\/div>\n<\/section><section class=\"whiteblock \" style=\"background-color:#ededed;\">\n\t<div class=\"wrap\">\n\t\t\t\t<div class=\"cols\">\n\t\t\t<div>\n\t\t\t\t<h2>Ons doel<\/h2>\n<p><span data-olk-copy-source=\"MessageBody\">Ons doel is de levens- en leerervaringen te verbeteren van neurodivergente mensen van alle leeftijden. Dit geldt voor mensen met de volgende uitdagingen:<\/span><\/p>\n<ul>\n<li class=\"x_Bullet1\"><span lang=\"EN-US\">autisme<\/span><\/li>\n<li class=\"x_Bullet1\"><span lang=\"EN-US\">AD(H)D \/ executieve functies, <\/span><\/li>\n<li class=\"x_Bullet1\"><span lang=\"EN-US\">dyslexie \/ lezen,<\/span><\/li>\n<li class=\"x_Bullet1\"><span lang=\"EN-US\">dyscalculie \/ rekenen,<\/span><\/li>\n<li class=\"x_Bullet1\"><span lang=\"EN-US\">dysgrafie \/ handschrift,<\/span><\/li>\n<li class=\"x_Bullet1\"><span lang=\"EN-US\">dyspraxie \/ co\u00f6rdinatie,<\/span><\/li>\n<\/ul>\n<p class=\"x_MsoNormal\"><span lang=\"EN-US\" data-olk-copy-source=\"MessageBody\">We delen graag de unieke inzichten van Davis over de echte oorzaak van zowel de gaven als uitdagingen van neurodivergente mensen. Met onze bewezen, op kracht gebaseerde technieken en leerstrategie\u00ebn brengen we blijvende verandering in hun leren en leven.<\/span><\/p>\n<p class=\"x_MsoNormal\"><span lang=\"EN-US\">We zijn ook gespecialiseerd in het voorkomen van leeruitdagingen bij jonge kinderen, thuis en op school. Dit doen we met:<\/span><\/p>\n<ul>\n<li class=\"x_Bullet1\"><span lang=\"EN-US\">Davis-programma&#8217;s voor het jonge kind voor sociale en emotionele ontwikkeling, en de basis van lezen. <\/span><\/li>\n<li class=\"x_Bullet1\"><span lang=\"EN-US\">Davis-leerstrategie\u00ebn op scholen.<\/span><\/li>\n<\/ul>\n<p class=\"x_MsoNormal\"><span lang=\"EN-GB\">Elke dag maken we een positief (en blijvend) verschil door cli\u00ebnten te laten ontdekken hoe ze leren. Zo kunnen ze op hun eigen manier weer meedoen op school. Dit bieden de traditionele methodes niet voldoende. We vervangen het gevoel van frustratie, falen en overweldiging door zekerheid, vertrouwen en nieuwe kansen. <\/span><\/p>\n<p class=\"x_MsoNormal\"><span lang=\"EN-GB\">Onze programma&#8217;s zijn persoonlijk en gebaseerd op eigen kracht. Je ontdekt je ware potentieel. Zo boek je sneller vooruitgang in leerprestaties dan je ooit had gedacht.<\/span><\/p>\n\t\t\t<\/div>\n\t\t\t\n\t\t\t\t\t\t\t\t<figure>\n\t\t\t\t\t<img decoding=\"async\" src=\"https:\/\/davismethod.com\/wp-content\/uploads\/2023\/10\/purpose.jpg\" alt=\"\" \/>\n\t\t\t\t\t\n\t\t\t\t\t\n\t\t\t\t\t\n\t\t\t\t\t\n\t\t\t\t\t\t\t\t\t\t\n\t\t\t\t\t\n\t\t\t\t\t\n\t\t\t\t\t\n\t\t\t\t<\/figure>\n\t\t\t\t\t\t\t\n\t\t<\/div>\n\t<\/div>\n<\/section>\n<section class=\"whiteblock \">\n\t<div class=\"wrap\">\n\t\t<div class=\"two-col\">\n\t\t\t<div>\n\t\t\t\t<h2>Sinds de oprichting hebben meer dan 80.000 mensen de Davis-programma&#8217;s succesvol afgerond.<\/h2>\n\t\t\t<\/div>\n\t\t\t<div>\n\t\t\t\t\t\t\t\t<img decoding=\"async\" src=\"https:\/\/davismethod.com\/wp-content\/uploads\/2023\/10\/reading-exercises2.jpg\" alt=\"\" \/>\n\t\t\t\t\t\t\t<\/div>\n\t\t<\/div>\n\t<\/div>\n<\/section><div class=\"heroimg\">\n\t<img decoding=\"async\" src=\"https:\/\/davismethod.com\/wp-content\/uploads\/2024\/05\/Concept-meyer-facHodge-PXL_20240322_175353059.PORTRAIT-scaled.jpg\" alt=\"\" \/>\n<\/div>\n<section class=\"drk boxfloat\">\n\t<div class=\"wrap\">\n\t\t<h2>Meer dan 40 jaar succes<\/h2>\n<p>In 1980 ontdekte Ron Davis de echte oorzaak van dyslexie. Dit leidde tot het eerste Davis-programma. Sindsdien hebben de programma&#8217;s veel levens en het leren blijvend veranderd. In 1995 publiceerde Ron zijn bestseller <a href=\"https:\/\/www.daviswebshop.nl\/boeken\/de-gave-van-dyslexie-2024-editie\/\" target=\"_blank\" rel=\"noopener\">De gave van dyslexie<\/a>. Niet lang daarna richtte hij Davis International in San Francisco (VS) op.  <\/p>\n<p>Vandaag de dag zijn onze programma\u2019s beschikbaar in meer dan 30 talen en 40 landen wereldwijd. We bieden oplossingen voor neurodivergente denkers, hun ouders en docenten.<\/p>\n<p>We hebben een wereldwijd netwerk van deskundige, erkende counselors. Zij leveren innovatieve en effectieve programma\u2019s voor cli\u00ebnten van alle leeftijden \u2013 van 5 tot 95!<\/p>\n\t<\/div>\n<\/section><section class=\"whiteblock \" >\n\t<div class=\"wrap\">\n\t\t\t\t<div class=\"cols\">\n\t\t\t<div>\n\t\t\t\t<h2>Geloof ons niet op ons woord&#8230;<\/h2>\n<p>\u201cV\u00f3\u00f3r het dyslexie-programma kon ik me moeilijk concentreren en lezen. Nu lees ik bijna alles! Ik ben in \u00e9\u00e9n week meerdere niveaus gestegen. De Davis-technieken [Davis] helpen zelfs bij sporten! Na het reken-programma gaat rekenen nu ook veel beter.\u201d<\/p>\n<p><strong>Cli\u00ebnt, 9 jaar, (Davis-dyslexieprogramma en het Davis-rekenprogramma)<\/strong><\/p>\n<p>&nbsp;<\/p>\n<p>\u201cDoor de Davis-autisme-benadering is mijn leven enorm veranderd.<strong> <\/strong>Door het programma kon ik eindelijk uit de \u2018hel\u2019 van autisme komen. Ik kreeg veel meer zelfvertrouwen. Ik ontdekte de kracht van mijn autisme. En dat bleek een prachtig geschenk waardoor ik de schoonheid van het leven kon gaan zien.\u201d<\/p>\n<p><strong>Cli\u00ebnt, 47 jaar, (Davis-autisme-benadering)<\/strong><\/p>\n<p>&nbsp;<\/p>\n<p>Over het verschil tussen het nemen van ADHD-medicatie en de Davis-methode: \u201cde staat waarin je gefocust bent is hetzelfde. Maar de focus na het nemen van medicatie gaat gepaard met spanning. Je bent gefocust, maar je voelt je zelf gespannen. Met deze nieuwe manier, de Davis-manier, is focussen gemakkelijk en prettig, zonder stress!\u201d<\/p>\n<p><strong>Cli\u00ebnt, 10 jaar, (Davis-ADHD-programma)<\/strong><\/p>\n\t\t\t<\/div>\n\t\t\t\n\t\t\t\t\t\t\t\t<figure>\n\t\t\t\t\t<img decoding=\"async\" src=\"https:\/\/davismethod.com\/wp-content\/uploads\/2024\/01\/student-change-low.jpg\" alt=\"\" \/>\n\t\t\t\t\t\n\t\t\t\t\t\n\t\t\t\t\t\n\t\t\t\t\t\n\t\t\t\t\t\t\t\t\t\t\n\t\t\t\t\t\n\t\t\t\t\t\n\t\t\t\t\t\n\t\t\t\t<\/figure>\n\t\t\t\t\t\t\t\n\t\t<\/div>\n\t<\/div>\n<\/section>\n<section class=\"purpleblock bannerthree\" style=\"background-image: url('\/wp-content\/themes\/davis\/img\/davis-icon.svg')\">\n\t<div class=\"wrap\">\n\t\t<div class=\"whitepane\">\n\t\t\t<div>\n\t\t\t\t<h2>Begeleiding krijgen<\/h2>\n<h3>Vind een Davis-counselor bij jou in de buurt<\/h3>\n<p>Krijg de begeleiding die je verdient. Davis-counselors en mentoren zijn wereldwijd beschikbaar. Onder hun begeleiding kan je je doelen op een prettige en effectieve manier bereiken. Dit geldt voor kinderen, volwassenen en leraren. <\/p>\n<p><a class=\"button\" href=\"\/facilitator\/\">Zoek hier<\/a><\/p>\n\t\t\t<\/div>\n\t\t\t<div>\n\t\t\t\t<h2>Begeleiding bieden<\/h2>\n<h3>Bekijk de Davis-trainingen<\/h3>\n<p>Wil je ook Davis-counselor worden. Kijk dan eens naar onze trainingen. Deze zijn geschikt voor onder meer: ouders, leerkrachten, psychologen, ambulant begeleiders, etc.<\/p>\n<p><a class=\"button\" href=\"https:\/\/davismethod.com\/nl\/verken-davis-trainingsworkshops\/\">Meer informatie<\/a><\/p>\n\t\t\t<\/div>\n\t\t<\/div>\n\t<\/div>\n<\/section>","protected":false},"excerpt":{"rendered":"","protected":false},"author":1,"featured_media":9891,"parent":0,"menu_order":8,"comment_status":"closed","ping_status":"closed","template":"","meta":{"_acf_changed":false,"inline_featured_image":false,"footnotes":""},"categories":[150],"tags":[],"class_list":["post-9886","page","type-page","status-publish","has-post-thumbnail","hentry","category-over-davis-nl"],"acf":[],"yoast_head":"<!-- This site is optimized with the Yoast SEO plugin v26.3 - https:\/\/yoast.com\/wordpress\/plugins\/seo\/ -->\n<title>Onze visie - Davis - Meer zelfvertrouwen voor mensen die anders denken en leren.<\/title>\n<meta name=\"description\" content=\"Davis empowers neurodivergent minds with ADHD, Autism, Dyscalculia, and more through hands-on, creative methods tailored to unique learning styles. Davis programs use a holistic and individualized approach, focusing on strengths and providing tools for self-regulation and self-awareness. Hands-on activities, such as clay modeling, are used to make learning interactive and enjoyable, promoting significant improvements in reading, writing, math, attention, and social-emotional development\u200b.\" \/>\n<meta name=\"robots\" content=\"index, follow, max-snippet:-1, max-image-preview:large, max-video-preview:-1\" \/>\n<link rel=\"canonical\" href=\"https:\/\/davismethod.com\/nl\/onze-visie\/\" \/>\n<meta property=\"og:locale\" content=\"nl_NL\" \/>\n<meta property=\"og:type\" content=\"article\" \/>\n<meta property=\"og:title\" content=\"Onze visie+\" \/>\n<meta property=\"og:description\" content=\"Davis werkt met mensen die anders denken, zoals bij ADHD, autisme, dyscalculie en andere vormen van neurodivergent zijn. We gebruiken praktische en creatieve methoden die aansluiten bij je unieke manier van leren.Onze programma\u2019s zijn holistisch en helemaal afgestemd op het individu. We bouwen voort op je sterke kanten en reiken technieken aan voor zelfinzicht en zelfsturing.Je leert via actieve en tastbare werkvormen, zoals het modelleren van begrippen in klei. Dat maakt het leerproces niet alleen duidelijk, maar ook plezierig. Deze aanpak zorgt voor zichtbare vooruitgang in lezen, schrijven, rekenen, aandacht en sociaal-emotionele ontwikkeling.\" \/>\n<meta property=\"og:url\" content=\"https:\/\/davismethod.com\/nl\/onze-visie\/\" \/>\n<meta property=\"og:site_name\" content=\"Davis - English\" \/>\n<meta property=\"article:publisher\" content=\"https:\/\/www.facebook.com\/DavisDyslexia\" \/>\n<meta property=\"article:modified_time\" content=\"2025-07-07T13:32:14+00:00\" \/>\n<meta property=\"og:image\" content=\"https:\/\/davismethod.com\/wp-content\/uploads\/2023\/10\/Vision-e1698176845510.jpg\" \/>\n\t<meta property=\"og:image:width\" content=\"2561\" \/>\n\t<meta property=\"og:image:height\" content=\"1250\" \/>\n\t<meta property=\"og:image:type\" content=\"image\/jpeg\" \/>\n<meta name=\"twitter:card\" content=\"summary_large_image\" \/>\n<script type=\"application\/ld+json\" class=\"yoast-schema-graph\">{\"@context\":\"https:\/\/schema.org\",\"@graph\":[{\"@type\":\"WebPage\",\"@id\":\"https:\/\/davismethod.com\/nl\/onze-visie\/\",\"url\":\"https:\/\/davismethod.com\/nl\/onze-visie\/\",\"name\":\"Onze visie - Davis - Meer zelfvertrouwen voor mensen die anders denken en leren.\",\"isPartOf\":{\"@id\":\"https:\/\/davismethod.com\/nl\/#website\"},\"primaryImageOfPage\":{\"@id\":\"https:\/\/davismethod.com\/nl\/onze-visie\/#primaryimage\"},\"image\":{\"@id\":\"https:\/\/davismethod.com\/nl\/onze-visie\/#primaryimage\"},\"thumbnailUrl\":\"https:\/\/davismethod.com\/wp-content\/uploads\/2023\/10\/Vision-e1698176845510.jpg\",\"datePublished\":\"2023-09-29T09:11:07+00:00\",\"dateModified\":\"2025-07-07T13:32:14+00:00\",\"description\":\"Davis empowers neurodivergent minds with ADHD, Autism, Dyscalculia, and more through hands-on, creative methods tailored to unique learning styles. Davis programs use a holistic and individualized approach, focusing on strengths and providing tools for self-regulation and self-awareness. Hands-on activities, such as clay modeling, are used to make learning interactive and enjoyable, promoting significant improvements in reading, writing, math, attention, and social-emotional development\u200b.\",\"breadcrumb\":{\"@id\":\"https:\/\/davismethod.com\/nl\/onze-visie\/#breadcrumb\"},\"inLanguage\":\"nl-NL\",\"potentialAction\":[{\"@type\":\"ReadAction\",\"target\":[\"https:\/\/davismethod.com\/nl\/onze-visie\/\"]}]},{\"@type\":\"ImageObject\",\"inLanguage\":\"nl-NL\",\"@id\":\"https:\/\/davismethod.com\/nl\/onze-visie\/#primaryimage\",\"url\":\"https:\/\/davismethod.com\/wp-content\/uploads\/2023\/10\/Vision-e1698176845510.jpg\",\"contentUrl\":\"https:\/\/davismethod.com\/wp-content\/uploads\/2023\/10\/Vision-e1698176845510.jpg\",\"width\":2561,\"height\":1250},{\"@type\":\"BreadcrumbList\",\"@id\":\"https:\/\/davismethod.com\/nl\/onze-visie\/#breadcrumb\",\"itemListElement\":[{\"@type\":\"ListItem\",\"position\":1,\"name\":\"Startpagina\",\"item\":\"https:\/\/davismethod.com\/nl\/\"},{\"@type\":\"ListItem\",\"position\":2,\"name\":\"Over Davis\",\"item\":\"https:\/\/davismethod.com\/nl\/category\/over-davis-nl\/\"},{\"@type\":\"ListItem\",\"position\":3,\"name\":\"Onze visie\"}]},{\"@type\":\"WebSite\",\"@id\":\"https:\/\/davismethod.com\/nl\/#website\",\"url\":\"https:\/\/davismethod.com\/nl\/\",\"name\":\"Davis\",\"description\":\"Meer zelfvertrouwen voor mensen die anders denken en leren.\",\"publisher\":{\"@id\":\"https:\/\/davismethod.com\/nl\/#organization\"},\"potentialAction\":[{\"@type\":\"SearchAction\",\"target\":{\"@type\":\"EntryPoint\",\"urlTemplate\":\"https:\/\/davismethod.com\/nl\/?s={search_term_string}\"},\"query-input\":{\"@type\":\"PropertyValueSpecification\",\"valueRequired\":true,\"valueName\":\"search_term_string\"}}],\"inLanguage\":\"nl-NL\"},{\"@type\":\"Organization\",\"@id\":\"https:\/\/davismethod.com\/nl\/#organization\",\"name\":\"Davis\",\"url\":\"https:\/\/davismethod.com\/nl\/\",\"logo\":{\"@type\":\"ImageObject\",\"inLanguage\":\"nl-NL\",\"@id\":\"https:\/\/davismethod.com\/nl\/#\/schema\/logo\/image\/\",\"url\":\"https:\/\/davismethod.com\/wp-content\/uploads\/2023\/09\/davis-logo.svg\",\"contentUrl\":\"https:\/\/davismethod.com\/wp-content\/uploads\/2023\/09\/davis-logo.svg\",\"width\":\"1024\",\"height\":\"1024\",\"caption\":\"Davis\"},\"image\":{\"@id\":\"https:\/\/davismethod.com\/nl\/#\/schema\/logo\/image\/\"},\"sameAs\":[\"https:\/\/www.facebook.com\/DavisDyslexia\",\"https:\/\/www.linkedin.com\/company\/ddai\/\"]}]}<\/script>\n<!-- \/ Yoast SEO plugin. -->","yoast_head_json":{"title":"Onze visie - Davis - Meer zelfvertrouwen voor mensen die anders denken en leren.","description":"Davis empowers neurodivergent minds with ADHD, Autism, Dyscalculia, and more through hands-on, creative methods tailored to unique learning styles. Davis programs use a holistic and individualized approach, focusing on strengths and providing tools for self-regulation and self-awareness. Hands-on activities, such as clay modeling, are used to make learning interactive and enjoyable, promoting significant improvements in reading, writing, math, attention, and social-emotional development\u200b.","robots":{"index":"index","follow":"follow","max-snippet":"max-snippet:-1","max-image-preview":"max-image-preview:large","max-video-preview":"max-video-preview:-1"},"canonical":"https:\/\/davismethod.com\/nl\/onze-visie\/","og_locale":"nl_NL","og_type":"article","og_title":"Onze visie+","og_description":"Davis werkt met mensen die anders denken, zoals bij ADHD, autisme, dyscalculie en andere vormen van neurodivergent zijn. We gebruiken praktische en creatieve methoden die aansluiten bij je unieke manier van leren.Onze programma\u2019s zijn holistisch en helemaal afgestemd op het individu. We bouwen voort op je sterke kanten en reiken technieken aan voor zelfinzicht en zelfsturing.Je leert via actieve en tastbare werkvormen, zoals het modelleren van begrippen in klei. Dat maakt het leerproces niet alleen duidelijk, maar ook plezierig. Deze aanpak zorgt voor zichtbare vooruitgang in lezen, schrijven, rekenen, aandacht en sociaal-emotionele ontwikkeling.","og_url":"https:\/\/davismethod.com\/nl\/onze-visie\/","og_site_name":"Davis - English","article_publisher":"https:\/\/www.facebook.com\/DavisDyslexia","article_modified_time":"2025-07-07T13:32:14+00:00","og_image":[{"width":2561,"height":1250,"url":"https:\/\/davismethod.com\/wp-content\/uploads\/2023\/10\/Vision-e1698176845510.jpg","type":"image\/jpeg"}],"twitter_card":"summary_large_image","schema":{"@context":"https:\/\/schema.org","@graph":[{"@type":"WebPage","@id":"https:\/\/davismethod.com\/nl\/onze-visie\/","url":"https:\/\/davismethod.com\/nl\/onze-visie\/","name":"Onze visie - Davis - Meer zelfvertrouwen voor mensen die anders denken en leren.","isPartOf":{"@id":"https:\/\/davismethod.com\/nl\/#website"},"primaryImageOfPage":{"@id":"https:\/\/davismethod.com\/nl\/onze-visie\/#primaryimage"},"image":{"@id":"https:\/\/davismethod.com\/nl\/onze-visie\/#primaryimage"},"thumbnailUrl":"https:\/\/davismethod.com\/wp-content\/uploads\/2023\/10\/Vision-e1698176845510.jpg","datePublished":"2023-09-29T09:11:07+00:00","dateModified":"2025-07-07T13:32:14+00:00","description":"Davis empowers neurodivergent minds with ADHD, Autism, Dyscalculia, and more through hands-on, creative methods tailored to unique learning styles. Davis programs use a holistic and individualized approach, focusing on strengths and providing tools for self-regulation and self-awareness. Hands-on activities, such as clay modeling, are used to make learning interactive and enjoyable, promoting significant improvements in reading, writing, math, attention, and social-emotional development\u200b.","breadcrumb":{"@id":"https:\/\/davismethod.com\/nl\/onze-visie\/#breadcrumb"},"inLanguage":"nl-NL","potentialAction":[{"@type":"ReadAction","target":["https:\/\/davismethod.com\/nl\/onze-visie\/"]}]},{"@type":"ImageObject","inLanguage":"nl-NL","@id":"https:\/\/davismethod.com\/nl\/onze-visie\/#primaryimage","url":"https:\/\/davismethod.com\/wp-content\/uploads\/2023\/10\/Vision-e1698176845510.jpg","contentUrl":"https:\/\/davismethod.com\/wp-content\/uploads\/2023\/10\/Vision-e1698176845510.jpg","width":2561,"height":1250},{"@type":"BreadcrumbList","@id":"https:\/\/davismethod.com\/nl\/onze-visie\/#breadcrumb","itemListElement":[{"@type":"ListItem","position":1,"name":"Startpagina","item":"https:\/\/davismethod.com\/nl\/"},{"@type":"ListItem","position":2,"name":"Over Davis","item":"https:\/\/davismethod.com\/nl\/category\/over-davis-nl\/"},{"@type":"ListItem","position":3,"name":"Onze visie"}]},{"@type":"WebSite","@id":"https:\/\/davismethod.com\/nl\/#website","url":"https:\/\/davismethod.com\/nl\/","name":"Davis","description":"Meer zelfvertrouwen voor mensen die anders denken en leren.","publisher":{"@id":"https:\/\/davismethod.com\/nl\/#organization"},"potentialAction":[{"@type":"SearchAction","target":{"@type":"EntryPoint","urlTemplate":"https:\/\/davismethod.com\/nl\/?s={search_term_string}"},"query-input":{"@type":"PropertyValueSpecification","valueRequired":true,"valueName":"search_term_string"}}],"inLanguage":"nl-NL"},{"@type":"Organization","@id":"https:\/\/davismethod.com\/nl\/#organization","name":"Davis","url":"https:\/\/davismethod.com\/nl\/","logo":{"@type":"ImageObject","inLanguage":"nl-NL","@id":"https:\/\/davismethod.com\/nl\/#\/schema\/logo\/image\/","url":"https:\/\/davismethod.com\/wp-content\/uploads\/2023\/09\/davis-logo.svg","contentUrl":"https:\/\/davismethod.com\/wp-content\/uploads\/2023\/09\/davis-logo.svg","width":"1024","height":"1024","caption":"Davis"},"image":{"@id":"https:\/\/davismethod.com\/nl\/#\/schema\/logo\/image\/"},"sameAs":["https:\/\/www.facebook.com\/DavisDyslexia","https:\/\/www.linkedin.com\/company\/ddai\/"]}]}},"_links":{"self":[{"href":"https:\/\/davismethod.com\/nl\/wp-json\/wp\/v2\/pages\/9886","targetHints":{"allow":["GET"]}}],"collection":[{"href":"https:\/\/davismethod.com\/nl\/wp-json\/wp\/v2\/pages"}],"about":[{"href":"https:\/\/davismethod.com\/nl\/wp-json\/wp\/v2\/types\/page"}],"author":[{"embeddable":true,"href":"https:\/\/davismethod.com\/nl\/wp-json\/wp\/v2\/users\/1"}],"replies":[{"embeddable":true,"href":"https:\/\/davismethod.com\/nl\/wp-json\/wp\/v2\/comments?post=9886"}],"version-history":[{"count":31,"href":"https:\/\/davismethod.com\/nl\/wp-json\/wp\/v2\/pages\/9886\/revisions"}],"predecessor-version":[{"id":13267,"href":"https:\/\/davismethod.com\/nl\/wp-json\/wp\/v2\/pages\/9886\/revisions\/13267"}],"wp:featuredmedia":[{"embeddable":true,"href":"https:\/\/davismethod.com\/nl\/wp-json\/wp\/v2\/media\/9891"}],"wp:attachment":[{"href":"https:\/\/davismethod.com\/nl\/wp-json\/wp\/v2\/media?parent=9886"}],"wp:term":[{"taxonomy":"category","embeddable":true,"href":"https:\/\/davismethod.com\/nl\/wp-json\/wp\/v2\/categories?post=9886"},{"taxonomy":"post_tag","embeddable":true,"href":"https:\/\/davismethod.com\/nl\/wp-json\/wp\/v2\/tags?post=9886"}],"curies":[{"name":"wp","href":"https:\/\/api.w.org\/{rel}","templated":true}]}}