{"id":9856,"date":"2023-09-29T10:44:55","date_gmt":"2023-09-29T09:44:55","guid":{"rendered":"https:\/\/davismethod.com\/?page_id=9856"},"modified":"2025-06-26T08:06:31","modified_gmt":"2025-06-26T07:06:31","slug":"davis-onderzoek","status":"publish","type":"page","link":"https:\/\/davismethod.com\/nl\/davis-onderzoek\/","title":{"rendered":"Onderzoek naar de Davis\u00ae-methode"},"content":{"rendered":"<section class=\"npt\" >\n\t<div class=\"wrap\">\n\t\t<p>Onderzoek is de basis van vooruitgang. Het helpt ons om dingen beter te begrijpen en nieuwe inzichten te krijgen. Daarom is er deze pagina om al het onderzoek naar de Davis-methode te verzamelen. Hier vind je onafhankelijke studies en de wetenschappelijke onderbouwing. <\/p>\n<h2>Onafhankelijk onderzoek naar de Davis-methode<\/h2>\n<p>De schoonheid en kracht van de Davis-technieken zit in hun eenvoud en grote impact. Ron Davis heeft boeken geschreven die in ongeveer 15 talen zijn vertaald, waaronder in het Nederlands. Deze boeken beschrijven de methode in detail. Ze inspireren onderzoekers zonder directe banden met Davis, wereldwijd om de methode verder te onderzoeken. <\/p>\n<p>Sinds 2001 zijn er meer dan 25 wetenschappelijke artikelen en proefschriften verschenen over de Davis-methode. Deze onderzoeken komen uit Europa, Azi\u00eb, Afrika, Australi\u00eb, Nieuw-Zeeland en Noord-Amerika.<\/p>\n<h3>Onderzoek naar Davis\u00ae-methode voor dyslexie, dyscalculie en AD(H)D<\/h3>\n<p>Wil je meer lezen over onderzoek naar de Davis-methode voor dyslexie, dyscalculie en AD(H)D? Ga dan naar onze speciale pagina over <a href=\"https:\/\/www.dyslexia.com\/research\/\" target=\"_blank\" rel=\"noopener\">Davis-onderzoek<\/a>.<\/p>\n<h3>Onderzoek naar Davis\u00ae-methode voor autisme<\/h3>\n<p>Meer informatie over het onderzoek naar de Davis-methode voor autisme vind je hieronder.<\/p>\n<h3>Onderzoek naar de Davis\u00ae-leerstrategi\u00ebn in de klas<\/h3>\n<p>Voor informatie over de Davis-leerstrategie\u00ebn voor leerkrachten in het basisonderwijs en casestudies over dit effectieve programma voor in de klas, ga naar <a href=\"https:\/\/www.davislearn.com\/\" target=\"_blank\" rel=\"noopener\">Davis Learn<\/a>.<\/p>\n\t<\/div>\n<\/section>\n<section class=\"\" >\n\t<div class=\"wrap\">\n\t\t<h2><b>Australisch onderzoek naar Davis Concepts for Life-programma&#8217;s: een onafhankelijk klinisch haalbaarheidsonderzoek<\/b><\/h2>\n<p><span style=\"color: #111111\">In Australi\u00eb wordt momenteel een klinische haalbaarheidsstudie uitgevoerd om de effectiviteit van het Davis-programma concepten voor het leven te onderzoeken. Deze studie richt zich op autistische mensen of mensen die zich identificeren met autistische kenmerken. Het doel is te kijken of het programma hen kan helpen met meer zelfbewustzijn en beter functioneren. Ook wordt onderzocht of het programma psychische problemen kan verminderen, zoals (sociale) angst, emotioneel lijden en somberheid. Het onderzoek bestaat uit kwalitatieve casestudies in een klinische psychologische setting. Daarnaast vinden er kwantitatieve evaluaties van de klinische uitkomsten plaats, zowel direct na het programma als een jaar later.  <\/span><\/p>\n<p>De studie begon in 2016. Het is een onafhankelijke onderzoekssamenwerking tussen een senior klinisch psycholoog bij Developing Me Psychology en de School of Behavioural and Health Sciences van de Australian Catholic University (ACU). De senior klinisch psycholoog is inmiddels ook een gelicenseerde Davis-counselor.<\/p>\n<p>Tot nu toe hebben meer dan 60 personen in de leeftijd van 9 tot 73 jaar aan het onderzoek deelgenomen. Het programma bevat nog niet de nieuwe sociaal-emotionele concepten die in 2023-2024 zijn toegevoegd. De voorlopige kwalitatieve resultaten van de casestudies laat zien dat de meeste deelnemers &#8220;duidelijke ontwikkelingswinst, betere mentale gezondheid en klinisch significante veranderingen in meerdere aspecten van het leven&#8221; ervaren.<\/p>\n<p>Daarnaast werd een groep van 14 volwassenen geselecteerd voor gedetailleerde analyse door ACU-onderzoekers. De eerste kwantitatieve bevindingen zijn veelbelovend. De deelnemers gaven aan dat hun zelfbewustzijn en psychologisch welzijn verbeterd waren. Deze eerste resultaten suggereren dat er mogelijk een grotere pilotstudie volgt. Ook al moet de definitieve uitkomst nog gepubliceerd worden.    <\/p>\n<p>De voortgang van de studie laat een aanzienlijk hiaat zien bij huidige interventies voor autistische mensen. Autistische personen hebben vaak grote problemen in hun algemeen en sociaal functioneren. Daarnaast melden ze vaak ook aanzienlijke mentale gezondheidsproblemen. Dit komt overeen met onderzoek dat aangeeft dat er hogere percentages zijn van angst, depressie en emotionele dysregulatie (Hollocks e.a., 2019; Lever &amp; Geurts, 2016). Ondanks de groeiende bewustwording zijn er weinig evidence-based interventies die deze mentale gezondheidsbehoeften ook mee aanpakken. Dit laat het belang zien van onderzoek naar gerichte, effectieve programma&#8217;s. Als ze effectief is, kan de Davis-methode een waardevolle aanvulling vormen op ondersteunende hulpmiddelen en interventies voor autistische kinderen, tieners en volwassenen.   <\/p>\n<p>Om door te gaan naar de volgende onderzoeksfase, worden financieringspartners gezocht.<\/p>\n<p>Referenties:<\/p>\n<p>\u2022 Hollocks, M. J., Lerh, J. W., Magiati, I., Meiser-Stedman, R., &amp; Brugha, T. S. (2019). Angst en depressie bij volwassenen met een autismespectrumstoornis: een systematische evaluatie en meta-analyse. <i>Psychological Medicine, 49<\/i>(4), 559-572. <\/p>\n<p>\u2022 Lever, A. G., &amp; Geurts, H. M. (2016). Psychiatrische samen voorkomende symptomen en stoornissen bij jonge, middelbare en oudere volwassenen met een autismespectrumstoornis. <i>Journal of Autism and Developmental Disorders, 46<\/i>(6), 1916\u20131930. Hieronder volgen de samenvattingen van de twee aangehaalde onderzoeken:  <\/p>\n<p><b>1. Angst en depressie bij volwassenen met een autismespectrumstoornis: een systematische evaluatie en meta-analyse<\/b><\/p>\n<p><i>Auteurs:<\/i> Matthew J. Hollocks, Jian Wei Lerh, Iliana Magiati, Richard Meiser-Stedman, Traolach S. Brugha<\/p>\n<p><i>Samenvatting:<\/i><br \/>\n\u201cVolwassenen met autisme (ASS) hebben een groter risico op geestelijke gezondheidsuitdagingen. Angst en depressie komen het vaakst voor. Tot nu toe was er echter geen systematische evaluatie van angst en depressie specifiek bij volwassenen met ASS. Deze studie onderzocht de percentages van angst en depressie bij volwassenen met ASS.<\/p>\n<p>Er werd ook gekeken naar factoren die de prevalentie be\u00efnvloeden, zoals de gebruikte beoordelingsmethoden en het al dan niet aanwezig zijn van een verstandelijke beperking (VB). De onderzoekers zochten naar studies gepubliceerd tussen januari 2000 en september 2017. Ze vonden 35 studies, waarvan 30 over angst (26.070 deelnemers, gemiddelde leeftijd 30,9 jaar (+ of \u2013 6,2 jaar)). Over depressie vonden ze 29 studies (26.117 deelnemers, gemiddelde leeftijd 31,1 jaar (+ of \u2013 6,8 jaar).<\/p>\n<p>De studie schatte de prevalentie van angst bij volwassenen met ASS op 27% momenteel en 42% levenslang. Voor depressie was dat 23% momenteel en 37% levenslang. Verdere analyses toonden aan dat het gebruik van vragenlijsten en de aanwezigheid van VB de prevalentie aanzienlijk kunnen be\u00efnvloeden.<\/p>\n<p>De resultaten laten zien dat er veel variatie is in de onderzoeksmethoden. Er is te veel afhankelijkheid van klinische monsters. Dit benadrukt de noodzaak van studies die zijn gebaseerd op de bredere gemeenschap en goed gedefinieerde monsters. Dit kan helpen om onnauwkeurigheden in de prevalentie van geestelijke gezondheidsuitdagingen bij volwassenen met ASS te verminderen.\u201d<\/p>\n<p><i>Referentie:<\/i> Hollocks, M. J., Lerh, J. W., Magiati, I., Meiser-Stedman, R., &amp; Brugha, T. S. (2019). Angst en depressie bij volwassenen met autismespectrumstoornis: een systematische review en meta-analyse. <i>Psychological Medicine, 49<\/i>(4), 559\u2013572. <\/p>\n<p><b>2. Psychiatrische samen voorkomende symptomen en stoornissen bij jonge, middelbare en oudere volwassenen met een autismespectrumstoornis.<\/b><\/p>\n<p><i>Auteurs:<\/i> Anne G. Lever, Hilde M. Geurts<\/p>\n<p><i>Samenvatting:<\/i><br \/>\n\u201cHoewel psychiatrische problemen minder vaak voorkomen bij ouderen, is het onbekend of dit ook geldt voor mensen met autisme (ASS). We onderzochten psychiatrische symptomen en stoornissen bij jonge, middelbare en oudere volwassenen met en zonder ASS (Nmax = 344, leeftijd 19-79 jaar, IQ&gt; 80). De symptomen waren vergelijkbaar met andere psychiatrische pati\u00ebnten, maar de niveaus van symptomen en psychische stress waren hoog tijdens de volwassenheid. 79% voldeed ten minste \u00e9\u00e9n keer aan de criteria voor een psychiatrische stoornis. Depressie en angst kwamen het meest voor. Oudere volwassenen voldeden echter minder vaak aan de criteria voor een psychiatrische diagnose dan jongere volwassenen, vooral bij sociale fobie. Daarom komen psychiatrische problemen, ondanks psychische nood, ook minder vaak voor bij oudere mensen met ASS.\u201d<\/p>\n<p><i>Referentie:<\/i> Lever, A. G., &amp; Geurts, H. M. (2016). Psychiatrische samen voorkomende symptomen en stoornissen bij jonge, middelbare en oudere volwassenen met een autismespectrumstoornis. <i>Journal of Autism and Developmental Disorders, 46(6)<\/i>, 1916\u20131930.<\/p>\n<p>Deze samenvattingen bieden inzicht in de prevalentie en aard van gelijktijdig optredende psychiatrische problemen, zoals angst en depressie, bij autistische volwassenen.<\/p>\n\t<\/div>\n<\/section>\n","protected":false},"excerpt":{"rendered":"","protected":false},"author":1,"featured_media":0,"parent":0,"menu_order":11,"comment_status":"closed","ping_status":"closed","template":"","meta":{"_acf_changed":false,"inline_featured_image":false,"footnotes":""},"categories":[150],"tags":[],"class_list":["post-9856","page","type-page","status-publish","hentry","category-over-davis-nl"],"acf":[],"yoast_head":"<!-- This site is optimized with the Yoast SEO plugin v26.3 - https:\/\/yoast.com\/wordpress\/plugins\/seo\/ -->\n<title>Onderzoek naar de Davis\u00ae-methode - Davis - Meer zelfvertrouwen voor mensen die anders denken en leren.<\/title>\n<meta name=\"description\" content=\"Davis empowers neurodivergent minds with ADHD, Autism, Dyscalculia, and more through hands-on, creative methods tailored to unique learning styles. Davis programs use a holistic and individualized approach, focusing on strengths and providing tools for self-regulation and self-awareness. Hands-on activities, such as clay modeling, are used to make learning interactive and enjoyable, promoting significant improvements in reading, writing, math, attention, and social-emotional development\u200b.\" \/>\n<meta name=\"robots\" content=\"index, follow, max-snippet:-1, max-image-preview:large, max-video-preview:-1\" \/>\n<link rel=\"canonical\" href=\"https:\/\/davismethod.com\/nl\/davis-onderzoek\/\" \/>\n<meta property=\"og:locale\" content=\"nl_NL\" \/>\n<meta property=\"og:type\" content=\"article\" \/>\n<meta property=\"og:title\" content=\"Onderzoek naar de Davis\u00ae-methode+\" \/>\n<meta property=\"og:description\" content=\"Davis werkt met mensen die anders denken, zoals bij ADHD, autisme, dyscalculie en andere vormen van neurodivergent zijn. We gebruiken praktische en creatieve methoden die aansluiten bij je unieke manier van leren.Onze programma\u2019s zijn holistisch en helemaal afgestemd op het individu. We bouwen voort op je sterke kanten en reiken technieken aan voor zelfinzicht en zelfsturing.Je leert via actieve en tastbare werkvormen, zoals het modelleren van begrippen in klei. Dat maakt het leerproces niet alleen duidelijk, maar ook plezierig. Deze aanpak zorgt voor zichtbare vooruitgang in lezen, schrijven, rekenen, aandacht en sociaal-emotionele ontwikkeling.\" \/>\n<meta property=\"og:url\" content=\"https:\/\/davismethod.com\/nl\/davis-onderzoek\/\" \/>\n<meta property=\"og:site_name\" content=\"Davis - English\" \/>\n<meta property=\"article:publisher\" content=\"https:\/\/www.facebook.com\/DavisDyslexia\" \/>\n<meta property=\"article:modified_time\" content=\"2025-06-26T07:06:31+00:00\" \/>\n<meta property=\"og:image\" content=\"https:\/\/davismethod.com\/wp-content\/uploads\/2024\/06\/Davismethod.com_screnshot-1024x545.png\" \/>\n<meta name=\"twitter:card\" content=\"summary_large_image\" \/>\n<script type=\"application\/ld+json\" class=\"yoast-schema-graph\">{\"@context\":\"https:\/\/schema.org\",\"@graph\":[{\"@type\":\"WebPage\",\"@id\":\"https:\/\/davismethod.com\/nl\/davis-onderzoek\/\",\"url\":\"https:\/\/davismethod.com\/nl\/davis-onderzoek\/\",\"name\":\"Onderzoek naar de Davis\u00ae-methode - Davis - Meer zelfvertrouwen voor mensen die anders denken en leren.\",\"isPartOf\":{\"@id\":\"https:\/\/davismethod.com\/nl\/#website\"},\"datePublished\":\"2023-09-29T09:44:55+00:00\",\"dateModified\":\"2025-06-26T07:06:31+00:00\",\"description\":\"Davis empowers neurodivergent minds with ADHD, Autism, Dyscalculia, and more through hands-on, creative methods tailored to unique learning styles. Davis programs use a holistic and individualized approach, focusing on strengths and providing tools for self-regulation and self-awareness. Hands-on activities, such as clay modeling, are used to make learning interactive and enjoyable, promoting significant improvements in reading, writing, math, attention, and social-emotional development\u200b.\",\"breadcrumb\":{\"@id\":\"https:\/\/davismethod.com\/nl\/davis-onderzoek\/#breadcrumb\"},\"inLanguage\":\"nl-NL\",\"potentialAction\":[{\"@type\":\"ReadAction\",\"target\":[\"https:\/\/davismethod.com\/nl\/davis-onderzoek\/\"]}]},{\"@type\":\"BreadcrumbList\",\"@id\":\"https:\/\/davismethod.com\/nl\/davis-onderzoek\/#breadcrumb\",\"itemListElement\":[{\"@type\":\"ListItem\",\"position\":1,\"name\":\"Startpagina\",\"item\":\"https:\/\/davismethod.com\/nl\/\"},{\"@type\":\"ListItem\",\"position\":2,\"name\":\"Over Davis\",\"item\":\"https:\/\/davismethod.com\/nl\/category\/over-davis-nl\/\"},{\"@type\":\"ListItem\",\"position\":3,\"name\":\"Onderzoek naar de Davis\u00ae-methode\"}]},{\"@type\":\"WebSite\",\"@id\":\"https:\/\/davismethod.com\/nl\/#website\",\"url\":\"https:\/\/davismethod.com\/nl\/\",\"name\":\"Davis\",\"description\":\"Meer zelfvertrouwen voor mensen die anders denken en leren.\",\"publisher\":{\"@id\":\"https:\/\/davismethod.com\/nl\/#organization\"},\"potentialAction\":[{\"@type\":\"SearchAction\",\"target\":{\"@type\":\"EntryPoint\",\"urlTemplate\":\"https:\/\/davismethod.com\/nl\/?s={search_term_string}\"},\"query-input\":{\"@type\":\"PropertyValueSpecification\",\"valueRequired\":true,\"valueName\":\"search_term_string\"}}],\"inLanguage\":\"nl-NL\"},{\"@type\":\"Organization\",\"@id\":\"https:\/\/davismethod.com\/nl\/#organization\",\"name\":\"Davis\",\"url\":\"https:\/\/davismethod.com\/nl\/\",\"logo\":{\"@type\":\"ImageObject\",\"inLanguage\":\"nl-NL\",\"@id\":\"https:\/\/davismethod.com\/nl\/#\/schema\/logo\/image\/\",\"url\":\"https:\/\/davismethod.com\/wp-content\/uploads\/2023\/09\/davis-logo.svg\",\"contentUrl\":\"https:\/\/davismethod.com\/wp-content\/uploads\/2023\/09\/davis-logo.svg\",\"width\":\"1024\",\"height\":\"1024\",\"caption\":\"Davis\"},\"image\":{\"@id\":\"https:\/\/davismethod.com\/nl\/#\/schema\/logo\/image\/\"},\"sameAs\":[\"https:\/\/www.facebook.com\/DavisDyslexia\",\"https:\/\/www.linkedin.com\/company\/ddai\/\"]}]}<\/script>\n<!-- \/ Yoast SEO plugin. -->","yoast_head_json":{"title":"Onderzoek naar de Davis\u00ae-methode - Davis - Meer zelfvertrouwen voor mensen die anders denken en leren.","description":"Davis empowers neurodivergent minds with ADHD, Autism, Dyscalculia, and more through hands-on, creative methods tailored to unique learning styles. Davis programs use a holistic and individualized approach, focusing on strengths and providing tools for self-regulation and self-awareness. Hands-on activities, such as clay modeling, are used to make learning interactive and enjoyable, promoting significant improvements in reading, writing, math, attention, and social-emotional development\u200b.","robots":{"index":"index","follow":"follow","max-snippet":"max-snippet:-1","max-image-preview":"max-image-preview:large","max-video-preview":"max-video-preview:-1"},"canonical":"https:\/\/davismethod.com\/nl\/davis-onderzoek\/","og_locale":"nl_NL","og_type":"article","og_title":"Onderzoek naar de Davis\u00ae-methode+","og_description":"Davis werkt met mensen die anders denken, zoals bij ADHD, autisme, dyscalculie en andere vormen van neurodivergent zijn. We gebruiken praktische en creatieve methoden die aansluiten bij je unieke manier van leren.Onze programma\u2019s zijn holistisch en helemaal afgestemd op het individu. We bouwen voort op je sterke kanten en reiken technieken aan voor zelfinzicht en zelfsturing.Je leert via actieve en tastbare werkvormen, zoals het modelleren van begrippen in klei. Dat maakt het leerproces niet alleen duidelijk, maar ook plezierig. Deze aanpak zorgt voor zichtbare vooruitgang in lezen, schrijven, rekenen, aandacht en sociaal-emotionele ontwikkeling.","og_url":"https:\/\/davismethod.com\/nl\/davis-onderzoek\/","og_site_name":"Davis - English","article_publisher":"https:\/\/www.facebook.com\/DavisDyslexia","article_modified_time":"2025-06-26T07:06:31+00:00","og_image":[{"url":"https:\/\/davismethod.com\/wp-content\/uploads\/2024\/06\/Davismethod.com_screnshot-1024x545.png","type":"","width":"","height":""}],"twitter_card":"summary_large_image","schema":{"@context":"https:\/\/schema.org","@graph":[{"@type":"WebPage","@id":"https:\/\/davismethod.com\/nl\/davis-onderzoek\/","url":"https:\/\/davismethod.com\/nl\/davis-onderzoek\/","name":"Onderzoek naar de Davis\u00ae-methode - Davis - Meer zelfvertrouwen voor mensen die anders denken en leren.","isPartOf":{"@id":"https:\/\/davismethod.com\/nl\/#website"},"datePublished":"2023-09-29T09:44:55+00:00","dateModified":"2025-06-26T07:06:31+00:00","description":"Davis empowers neurodivergent minds with ADHD, Autism, Dyscalculia, and more through hands-on, creative methods tailored to unique learning styles. Davis programs use a holistic and individualized approach, focusing on strengths and providing tools for self-regulation and self-awareness. Hands-on activities, such as clay modeling, are used to make learning interactive and enjoyable, promoting significant improvements in reading, writing, math, attention, and social-emotional development\u200b.","breadcrumb":{"@id":"https:\/\/davismethod.com\/nl\/davis-onderzoek\/#breadcrumb"},"inLanguage":"nl-NL","potentialAction":[{"@type":"ReadAction","target":["https:\/\/davismethod.com\/nl\/davis-onderzoek\/"]}]},{"@type":"BreadcrumbList","@id":"https:\/\/davismethod.com\/nl\/davis-onderzoek\/#breadcrumb","itemListElement":[{"@type":"ListItem","position":1,"name":"Startpagina","item":"https:\/\/davismethod.com\/nl\/"},{"@type":"ListItem","position":2,"name":"Over Davis","item":"https:\/\/davismethod.com\/nl\/category\/over-davis-nl\/"},{"@type":"ListItem","position":3,"name":"Onderzoek naar de Davis\u00ae-methode"}]},{"@type":"WebSite","@id":"https:\/\/davismethod.com\/nl\/#website","url":"https:\/\/davismethod.com\/nl\/","name":"Davis","description":"Meer zelfvertrouwen voor mensen die anders denken en leren.","publisher":{"@id":"https:\/\/davismethod.com\/nl\/#organization"},"potentialAction":[{"@type":"SearchAction","target":{"@type":"EntryPoint","urlTemplate":"https:\/\/davismethod.com\/nl\/?s={search_term_string}"},"query-input":{"@type":"PropertyValueSpecification","valueRequired":true,"valueName":"search_term_string"}}],"inLanguage":"nl-NL"},{"@type":"Organization","@id":"https:\/\/davismethod.com\/nl\/#organization","name":"Davis","url":"https:\/\/davismethod.com\/nl\/","logo":{"@type":"ImageObject","inLanguage":"nl-NL","@id":"https:\/\/davismethod.com\/nl\/#\/schema\/logo\/image\/","url":"https:\/\/davismethod.com\/wp-content\/uploads\/2023\/09\/davis-logo.svg","contentUrl":"https:\/\/davismethod.com\/wp-content\/uploads\/2023\/09\/davis-logo.svg","width":"1024","height":"1024","caption":"Davis"},"image":{"@id":"https:\/\/davismethod.com\/nl\/#\/schema\/logo\/image\/"},"sameAs":["https:\/\/www.facebook.com\/DavisDyslexia","https:\/\/www.linkedin.com\/company\/ddai\/"]}]}},"_links":{"self":[{"href":"https:\/\/davismethod.com\/nl\/wp-json\/wp\/v2\/pages\/9856","targetHints":{"allow":["GET"]}}],"collection":[{"href":"https:\/\/davismethod.com\/nl\/wp-json\/wp\/v2\/pages"}],"about":[{"href":"https:\/\/davismethod.com\/nl\/wp-json\/wp\/v2\/types\/page"}],"author":[{"embeddable":true,"href":"https:\/\/davismethod.com\/nl\/wp-json\/wp\/v2\/users\/1"}],"replies":[{"embeddable":true,"href":"https:\/\/davismethod.com\/nl\/wp-json\/wp\/v2\/comments?post=9856"}],"version-history":[{"count":26,"href":"https:\/\/davismethod.com\/nl\/wp-json\/wp\/v2\/pages\/9856\/revisions"}],"predecessor-version":[{"id":12893,"href":"https:\/\/davismethod.com\/nl\/wp-json\/wp\/v2\/pages\/9856\/revisions\/12893"}],"wp:attachment":[{"href":"https:\/\/davismethod.com\/nl\/wp-json\/wp\/v2\/media?parent=9856"}],"wp:term":[{"taxonomy":"category","embeddable":true,"href":"https:\/\/davismethod.com\/nl\/wp-json\/wp\/v2\/categories?post=9856"},{"taxonomy":"post_tag","embeddable":true,"href":"https:\/\/davismethod.com\/nl\/wp-json\/wp\/v2\/tags?post=9856"}],"curies":[{"name":"wp","href":"https:\/\/api.w.org\/{rel}","templated":true}]}}