{"id":10194,"date":"2023-09-26T09:26:27","date_gmt":"2023-09-26T08:26:27","guid":{"rendered":"https:\/\/davismethod.com\/?page_id=10194"},"modified":"2025-07-07T19:33:31","modified_gmt":"2025-07-07T18:33:31","slug":"we-begrijpen","status":"publish","type":"page","link":"https:\/\/davismethod.com\/nl\/","title":{"rendered":"We begrijpen het"},"content":{"rendered":"<section class=\"intro\">\n\t<div class=\"wrap\">\n\t\t<h2>Davis maakt het verschil<\/h2>\n<p>Overal ter wereld maakt Davis elke dag het verschil. Wij zetten ons met hart en ziel in voor neurodivergente mensen die vastlopen op school of in het leven. We bieden persoonlijke ondersteuning. Samen ontdekken we wat jou tegenhoudt en hoe je die blokkades kunt doorbreken, of je nu een volwassene of een kind bent. <\/p>\n<p>Als je worstelt met AD(H)D, autisme, dyscalculie, dysgrafie, dyslexie, dyspraxie of problemen met je executieve functies, je kunt bij ons terecht. Wij zijn experts die neurodivergentie \u2018van binnenuit\u2019 begrijpen. Samen kunnen we jouw ware mogelijkheden ontsluiten.<\/p>\n\t<\/div>\n<\/section><div class=\"heroimg\">\n\t<img decoding=\"async\" src=\"https:\/\/davismethod.com\/wp-content\/uploads\/2024\/03\/Unknown-1-scaled-e1710864240959.jpeg\" alt=\"\" \/>\n<\/div>\n<section class=\"drk boxfloat\">\n\t<div class=\"wrap\">\n\t\t<h2>Een echt andere benadering<\/h2>\n<p>Wij werken \u00e9\u00e9n-op-\u00e9\u00e9n met mensen met uiteenlopende uitdagingen door neurodivergent denken. Je ontdekt wat de oorzaak is van je bijzondere (waarnemings)vermogen EN je uitdagingen.<\/p>\n<p>Met beproefde en op jouw kracht gerichte technieken en effectieve strategi\u00ebn, leer je om je natuurlijke leervermogen in te zetten. Hierdoor kan je beter leren, keuzes maken en je weg vinden in het dagelijks leven.<br \/>\n<a class=\"button\" href=\"https:\/\/davismethod.com\/nl\/onze-visie\/\">Meer informatie<\/a><\/p>\n\t<\/div>\n<\/section><section class=\"intro\">\n\t<div class=\"wrap\">\n\t\t<p>Bij Davis houden we van een sprankeling. Elk stap, hoe klein ook, vieren we. En zeker belangrijke stappen vooruit of een grote doorbraak inspireert en prikkelt ons evenveel als onze cli\u00ebnten. We zien het voor onze ogen gebeuren: Je bereikt meer dan ooit iemand voor mogelijk had gehouden\u2026  <\/p>\n<p>We hebben diepgaande en persoonlijke kennis van de frustraties en uitdagingen waarmee je te maken hebt. De ongelooflijke resultaten maken je blij. Je voelt je erdoor opgelucht en een ongelooflijk trots gevoel.<\/p>\n\t<\/div>\n<\/section><section class=\"purpleblock bannerthree\" style=\"background-image: url('\/wp-content\/themes\/davis\/img\/davis-icon.svg')\">\n\t<div class=\"wrap\">\n\t\t<div class=\"whitepane\">\n\t\t\t<div>\n\t\t\t\t<h2>Ontdek jouw mogelijkheden<\/h2>\n<h3>Een programma dat bij jouw behoeften past<\/h3>\n<p>Wil je de oorzaak van je uitdagingen begrijpen? Of wil je hulp bij lezen &amp; schrijven, rekenen, aandacht, autisme, sociale en emotionele ontwikkeling, co\u00f6rdinatie &amp; evenwicht? Wij bieden oplossingen.  <\/p>\n<p><a class=\"button\" href=\"https:\/\/davismethod.com\/nl\/ontdek-oplossingen-van-davis\/\">Ontdek de oplossingen van Davis<\/a><\/p>\n\t\t\t<\/div>\n\t\t\t<div>\n\t\t\t\t<h2>Begeleiding krijgen<\/h2>\n<h3>Vind een Davis-counselor bij jou in de buurt<\/h3>\n<p>Krijg de begeleiding die je verdient. Davis-counselors en mentoren zijn wereldwijd beschikbaar. Onder hun begeleiding kan je je doelen op een prettige en effectieve manier bereiken. Dit geldt voor kinderen, volwassenen en leraren. <\/p>\n<p><a class=\"button\" href=\"http:\/\/davismethod.com\/contact\/\">Neem nu contact met ons op<\/a><\/p>\n\t\t\t<\/div>\n\t\t<\/div>\n\t<\/div>\n<\/section><section class=\"whiteblock \" >\n\t<div class=\"wrap\">\n\t\t<h2 class=\"lrg\">Leren en levens blijvend veranderen<\/h2>\n\t\t<div class=\"cols\">\n\t\t\t<div>\n\t\t\t\t<h6>Praktische aanpak, zichtbaar resultaat<\/h6>\n<p>We combineren inzicht van binnenuit met technieken voor zelfregulatie met interessante, praktische technieken. Onze benadering is multisensorisch. Hierdoor uitermate geschikt voor iedereen van alle leeftijden. De methode is speciaal ontwikkeld voor creatieve, fantasierijke, out-of-the-box-denkers die vastlopen in het standaard onderwijs. <\/p>\n<h6>Doorbraken die blijvend zijn<\/h6>\n<p>Veel mensen komen binnen met frustratie, twijfel of het gevoel dat ze niet goed zijn. Je vertrekt met meer zelfvertrouwen, een sterker zelfbeeld en strategie\u00ebn die passen bij wie je bent en waarmee je gebruik maakt van je sterke kanten.<\/p>\n\t\t\t<\/div>\n\t\t\t\n\t\t\t\t\t\t\t\t<figure>\n\t\t\t\t\t<img decoding=\"async\" src=\"https:\/\/davismethod.com\/wp-content\/uploads\/2023\/10\/transforming.jpg\" alt=\"\" \/>\n\t\t\t\t\t\n\t\t\t\t\t\n\t\t\t\t\t\n\t\t\t\t\t\n\t\t\t\t\t\t\t\t\t\t\n\t\t\t\t\t\n\t\t\t\t\t\n\t\t\t\t\t\n\t\t\t\t<\/figure>\n\t\t\t\t\t\t\t\n\t\t<\/div>\n\t<\/div>\n<\/section>\n<div class=\"heroimg\">\n\t<img decoding=\"async\" src=\"https:\/\/davismethod.com\/wp-content\/uploads\/2023\/10\/reading-exercises.jpg\" alt=\"\" \/>\n<\/div>\n<section class=\"drk boxfloat\">\n\t<div class=\"wrap\">\n\t\t<h2>Jouw eigen weg vinden<\/h2>\n<p>Als je anders denkt, heb je een andere aanpak nodig. En Davis is anders. <\/p>\n<p>Onze programma\u2019s zijn persoonlijk, holistisch en altijd \u00e9\u00e9n-op-\u00e9\u00e9n. In een veilige en niet-oordelende omgeving werk je aan het versterken van je talenten.<\/p>\n<p>Zo kun je je gaven richten op het ontwikkelen van begrip en vaardigheden die je nodig hebt om je plek te vinden in de wereld. En dat voelt als een bevrijding. <\/p>\n<p><a class=\"button\" href=\"https:\/\/davismethod.com\/facilitator\/\">Vind een Davis-counselor<\/a><\/p>\n\t<\/div>\n<\/section><section class=\"whiteblock \" >\n\t<div class=\"wrap\">\n\t\t\t\t<div class=\"cols\">\n\t\t\t<div>\n\t\t\t\t<h2>We weten hoe het voelt&#8230;<\/h2>\n<p>Onze oprichter, Ron Davis, heeft jaren geleden ontdekt hoe hij zijn eigen ernstige autisme en dyslexie kon overwinnen. Sinds 1981 ondersteunt hij anderen hetzelfde voor elkaar te krijgen.<\/p>\n<p>Onze opleiding voor counselors is doordrenkt van Rons wijsheid en ervaring. Daarnaast hebben veel Davis-counselors zelf ook ervaring met neurodivergentie of kennen het van dichtbij.<\/p>\n<p>Die persoonlijke kennis combineren we met onze programma\u2019s. En dat maakt het verschil, telkens weer.<\/p>\n<p>Stel je voor dat je het alfabet in \u00e9\u00e9n dag kent, zowel vooruit als achteruit. Of dat je binnen \u00e9\u00e9n week zelfverzekerd kunt rekenen. Of dat je jezelf begrijpt en het gevoel hebt dat je voor het eerst controle hebt over je leven.<\/p>\n<p><a class=\"button\" href=\"https:\/\/davismethod.com\/nl\/de-davis-methode\/\">Ontdek het verschil<\/a><\/p>\n\t\t\t<\/div>\n\t\t\t\n\t\t\t\t\t\t\t\t<figure>\n\t\t\t\t\t<img decoding=\"async\" src=\"https:\/\/davismethod.com\/wp-content\/uploads\/2023\/10\/feels.jpg\" alt=\"\" \/>\n\t\t\t\t\t\n\t\t\t\t\t\n\t\t\t\t\t\n\t\t\t\t\t\n\t\t\t\t\t\t\t\t\t\t\n\t\t\t\t\t\n\t\t\t\t\t\n\t\t\t\t\t\n\t\t\t\t<\/figure>\n\t\t\t\t\t\t\t\n\t\t<\/div>\n\t<\/div>\n<\/section>\n<section class=\"purpleblock\">\n\t<div class=\"wrap\">\n\t\t\t<img decoding=\"async\" src=\"\/wp-content\/themes\/davis\/img\/davis-icon.svg\" alt=\"Davis\" class=\"quoteicon\">\n\t\t<div class=\"slider\">\n\t\t\t\t\t<div>\n\t\t\t\t<h2>&ldquo;Het is 1000 keer makkelijker geworden! Vroeger keek ik naar een boek en dacht ik &#8216;dat zijn veel woorden&#8217;, maar gisteravond heb ik ze ook echt gelezen. &rdquo;<\/h2>\n\t\t\t\t<p class=\"sml\"><strong>Dyslexiecli\u00ebnt, 9 jaar<\/strong><br>Ontario, Canada<\/p>\n\t\t\t<\/div>\n\t\t\t\t\t<div>\n\t\t\t\t<h2>&ldquo;Een van de unieke dingen aan de Davis\u00ae-autisme-benadering is dat Ron Davis autisme echt van binnenuit begrijpt. Zijn programma raakt echt de kern van wie mijn zoon is. &rdquo;<\/h2>\n\t\t\t\t<p class=\"sml\"><strong>Moeder van cli\u00ebnt met autisme<\/strong><br>Nieuw-Zeeland<\/p>\n\t\t\t<\/div>\n\t\t\t\t\t<div>\n\t\t\t\t<h2>&ldquo;We hebben het Davis-programma voor dyslexie gedaan en wat een verschil! Lexi is een ander kind. Lexi leest nu niet alleen op haar niveau, maar ze begrijpt ook wat ze leest. Als ze iets niet begrijpt, weet ze welke vragen ze moet stellen.&rdquo;<\/h2>\n\t\t\t\t<p class=\"sml\"><strong>Ouder van dyslexiecli\u00ebnt<\/strong><br>Georgi\u00eb, VS<\/p>\n\t\t\t<\/div>\n\t\t\t\t\t<div>\n\t\t\t\t<h2>&ldquo;Het Davis-programma voor rekenen paste bij het tempo dat mijn kind nodig had om te leren. Ik zag hoe mijn zoon de concepten snel en duidelijk begreep en hoe hij steeds meer zelfvertrouwen kreeg. Hij werd steeds enthousiaster om meer te leren. Wiskunde werd al snel zijn favoriete vak. We waren allebei onder de indruk van hoe snel de achterstandsjaren werden omgezet in een basis waarop gemakkelijk kon worden voortgebouwd.    &rdquo;<\/h2>\n\t\t\t\t<p class=\"sml\"><strong>Moeder van 10-jarige Dyscalculie-cli\u00ebnt<\/strong><br>UK<\/p>\n\t\t\t<\/div>\n\t\t\t\t\t<div>\n\t\t\t\t<h2>&ldquo;Alle dingen waarvan ze zeggen dat ze zouden moeten gebeuren na het Davis\u00ae-programma voor dyslexie, zijn gebeurd. Het heeft een enorm verschil gemaakt in zijn lezen en schrijven. Als ouder kan ik het 100 procent onderschrijven. Ik werk zelf niet met dyslectische kinderen, maar ik heb nog nooit zoiets gezien als dit programma.   &rdquo;<\/h2>\n\t\t\t\t<p class=\"sml\"><strong>Bob Lee, schoolhoofd en ouder<\/strong><br>Brits Columbia, Canada<\/p>\n\t\t\t<\/div>\n\t\t\t\t\t<div>\n\t\t\t\t<h2>&ldquo;Het programma gaat over zoveel meer dan alleen focus. Het is een hele nieuwe manier om in harmonie met jezelf te zijn en het leven ten volle te leven. Het maakt een harmonieuze verbinding mogelijk tussen gedachten, emoties en acties. Dus is mijn interactie met de wereld verbeterd. Ik kan nu orde scheppen in mezelf. Daarom is het zo specifiek en soms zo kosmisch. Dit is verbazingwekkend!     &rdquo;<\/h2>\n\t\t\t\t<p class=\"sml\"><strong>ADHD-cli\u00ebnt (programma Concepts for Life), 26 jaar<\/strong><br>Madrid, Spanje<\/p>\n\t\t\t<\/div>\n\t\t\t\t\t<div>\n\t\t\t\t<h2>&ldquo;Dit programma is het vreemdste wat er is, en het werkt! Ik heb veranderingen ondergaan waardoor ik nu informatie in de &#8216;papieren wereld&#8217; kan begrijpen. Ik ben minder vaak boos. Ik heb een gevoel van vrijheid! Hier zijn we dan aan het einde van de week, en iets heeft gewerkt. Het voelt alsof er hoop in de grond is geplant.    &rdquo;<\/h2>\n\t\t\t\t<p class=\"sml\"><strong>Dyslexiecli\u00ebnt, volwassene<\/strong><br>Brits Columbia, Canada<\/p>\n\t\t\t<\/div>\n\t\t\t\t\t<div>\n\t\t\t\t<h2>&ldquo;De Davis-autisme-benadering hield mijn autistische zoon betrokken en gefocust terwijl hij ook plezier had en leerde. Het proces ontvouwde zich geleidelijk terwijl hij modelleerde met klei en nieuwe concepten leerde. Mijn zoon werd veel rustiger en meer geconcentreerd. Hij kreeg nieuwe hulpmiddelen om zijn emoties te reguleren en te beheersen.  &rdquo;<\/h2>\n\t\t\t\t<p class=\"sml\"><strong>Moeder van Autistische cli\u00ebnt, 12 jaar<\/strong><br>Spanje<\/p>\n\t\t\t<\/div>\n\t\t\t\t\t<div>\n\t\t\t\t<h2>&ldquo;Zijn wiskundeleraar was enorm complimenteus over jullie werk met hem. Hij werd zelfs emotioneel over het resultaat van zijn toelatingsexamen vandaag! Ook de natuurkundeleraar ziet de dramatische verbetering in zijn vaardigheden na jullie sessies. Hij is de enige niet-beursstudent die de academische inspanningprijs van het schoolhoofd heeft gewonnen! Je oren zouden gaan gloeien, als je wist hoe vaak ik de lofzang over Davis aan anderen vertel!  &rdquo;<\/h2>\n\t\t\t\t<p class=\"sml\"><strong>Moeder van 12-jarige Dyscalculie-cli\u00ebnt<\/strong><br>UK<\/p>\n\t\t\t<\/div>\n\t\t\t\t\t<div>\n\t\t\t\t<h2>&ldquo;Totdat ik met het Davis\u00ae-programma begon, kon ik niet eens een bal vangen. Nu kan ik wanneer ik maar wil een bal vangen of de autosleutels! Toen ik jong was, was de speeltuin mijn persoonlijke hel. Ik werd meestal als laatste gekozen voor een team. Het Davis-programma heeft mijn leven en zelfvertrouwen veranderd.    &rdquo;<\/h2>\n\t\t\t\t<p class=\"sml\"><strong>Volwassen cli\u00ebnt met dyslexie en dyspraxie<\/strong><br>Nieuw-Zeeland<\/p>\n\t\t\t<\/div>\n\t\t\t\t\t<div>\n\t\t\t\t<h2>&ldquo;Met de Davis-technieken kan ik me concentreren zonder mijn creativiteit te verstikken. Toen ik ADHD-medicatie gebruikte, zat mijn denkproces vast. Ik ben dolblij, dat ik die medicatie nooit meer hoef te nemen. Nooit meer!  &rdquo;<\/h2>\n\t\t\t\t<p class=\"sml\"><strong>ADHD-cli\u00ebnt, 23 jaar<\/strong><br>Massachusetts, VS<\/p>\n\t\t\t<\/div>\n\t\t\t\t\t<div>\n\t\t\t\t<h2>&ldquo;Mijn 7-jarige dochter worstelde met dyslexie en kon op school niet goed meekomen. Het Davis\u00ae-programma voor het jonge kind veranderde haar leesproces. Ze kon niet alleen beter lezen, maar ze kreeg er ook plezier in. De Counselor was vriendelijk en geduldig en maakte de hele ervaring positief.  &rdquo;<\/h2>\n\t\t\t\t<p class=\"sml\"><strong>Moeder van een 7-jarige kind dat het Davis\u00ae-programma voor het jonge kind volgde.<\/strong><br>Frankrijk<\/p>\n\t\t\t<\/div>\n\t\t\t\t<\/div>\n\t\t<\/div>\n<\/section><section class=\"purpleblock bannerfour\" style=\"background-image: url('\/wp-content\/themes\/davis\/img\/davis-icon.svg')\">\n\t<div class=\"wrap\">\n\t\t<div class=\"whitepane\">\n\t\t\t<div>\n\t\t\t\t<div class=\"bannerlogo\"><img decoding=\"async\" src=\"\/wp-content\/themes\/davis\/img\/davis-icon.svg\" alt=\"Davis\" \/><\/div>\n\t\t\t\t<h1>Maak het verschil<\/h1>\n<h3>Opleiding tot Davis-counselor<\/h3>\n<p>Wil je bijdragen aan verandering? Aan een betere toekomst voor de 1 op de 5 mensen die moeite heeft met leren door AD(H)D, autisme, dyslexie, dyscalculie, dyspraxie, dysgrafie of executieve uitdagingen? <\/p>\n<p>Dan horen we graag van je!<\/p>\n<p>Of je nu op zoek bent naar een nieuwe loopbaan of een naaste wilt begeleiden. Of je iemand \u00e9\u00e9n-op-\u00e9\u00e9n wilt begeleiden of een hele klas. Of je nu met kinderen of volwassenen wilt werken. Davis biedt een uitgebreide reeks professionele trainingen. Als toekomstige Davis-counselor, ouder, leerkracht (regulier en speciaal onderwijs) of andere specialist kan je het verschil maken. Ontdek onze innovatieve en effectieve technieken.<\/p>\n<p><a class=\"button\" href=\"https:\/\/davismethod.com\/nl\/davis-facilitator-worden\/\">Ontdek Davis-carri\u00e8res<\/a><\/p>\n\t\t\t<\/div>\n\t\t<\/div>\n\t<\/div>\n<\/section>","protected":false},"excerpt":{"rendered":"","protected":false},"author":1,"featured_media":10228,"parent":0,"menu_order":21,"comment_status":"closed","ping_status":"closed","template":"","meta":{"_acf_changed":false,"inline_featured_image":false,"footnotes":""},"categories":[],"tags":[],"class_list":["post-10194","page","type-page","status-publish","has-post-thumbnail","hentry"],"acf":[],"yoast_head":"<!-- This site is optimized with the Yoast SEO plugin v26.3 - https:\/\/yoast.com\/wordpress\/plugins\/seo\/ -->\n<title>Davis - Meer zelfvertrouwen voor mensen die anders denken en leren.<\/title>\n<meta name=\"description\" content=\"Davis werkt met mensen die anders denken en leren, zoals bij AD(H)D, autisme, dyslexie, dyscalculie en andere vormen van neurodivergent denken. We gebruiken praktische en creatieve methoden die aansluiten bij iemands unieke manier van leren.Onze programma\u2019s zijn holistisch en afgestemd op het individu. We bouwen voort op sterke kanten en reiken hulpmiddelen aan voor meer zelfinzicht en zelfsturing.Leren gebeurt via concrete en actieve werkvormen. Denk aan het boetseren van begrippen in klei. Zo wordt leren niet alleen tastbaar, maar ook plezierig. Deze aanpak zorgt voor blijvende vooruitgang op het gebied van lezen, schrijven, rekenen, aandacht en sociaal-emotionele ontwikkeling.\" \/>\n<meta name=\"robots\" content=\"index, follow, max-snippet:-1, max-image-preview:large, max-video-preview:-1\" \/>\n<link rel=\"canonical\" href=\"https:\/\/davismethod.com\/nl\/\" \/>\n<meta property=\"og:locale\" content=\"nl_NL\" \/>\n<meta property=\"og:type\" content=\"article\" \/>\n<meta property=\"og:title\" content=\"Davis-methode: Levens &amp; leren blijvend veranderen\" \/>\n<meta property=\"og:description\" content=\"Davis is er voor neurodivergente denkstijlen zoals AD(H)D, autisme, dyscalculie en dyslexie. We bieden nieuwe mogelijkheden door middel van praktische, creatieve methoden die zijn afgestemd op deze unieke leerstijlen. Davis-programma&#039;s zijn holistische en individueel. De nadruk ligt op je sterke punten. Je krijgt onder meer technieken voor zelfregulering en zelfbewustzijn.Het leren is interactief en plezierig door praktische oefeningen en het gebruik van klei. Hierdoor zien we opvallende verbeteringen in lezen, schrijven, rekenen, aandacht en sociaal-emotionele ontwikkeling.\" \/>\n<meta property=\"og:url\" content=\"https:\/\/davismethod.com\/nl\/\" \/>\n<meta property=\"og:site_name\" content=\"Davis - English\" \/>\n<meta property=\"article:publisher\" content=\"https:\/\/www.facebook.com\/DavisDyslexia\" \/>\n<meta property=\"article:modified_time\" content=\"2025-07-07T18:33:31+00:00\" \/>\n<meta property=\"og:image\" content=\"https:\/\/davismethod.com\/wp-content\/uploads\/2024\/06\/Davismethod.com_screnshot-1024x545.png\" \/>\n<meta name=\"twitter:card\" content=\"summary_large_image\" \/>\n<meta name=\"twitter:label1\" content=\"Geschatte leestijd\" \/>\n\t<meta name=\"twitter:data1\" content=\"1 minuut\" \/>\n<script type=\"application\/ld+json\" class=\"yoast-schema-graph\">{\"@context\":\"https:\/\/schema.org\",\"@graph\":[{\"@type\":\"WebPage\",\"@id\":\"https:\/\/davismethod.com\/nl\/\",\"url\":\"https:\/\/davismethod.com\/nl\/\",\"name\":\"Davis - Meer zelfvertrouwen voor mensen die anders denken en leren.\",\"isPartOf\":{\"@id\":\"https:\/\/davismethod.com\/nl\/#website\"},\"primaryImageOfPage\":{\"@id\":\"https:\/\/davismethod.com\/nl\/#primaryimage\"},\"image\":{\"@id\":\"https:\/\/davismethod.com\/nl\/#primaryimage\"},\"thumbnailUrl\":\"https:\/\/davismethod.com\/wp-content\/uploads\/2023\/09\/GettyImages-1128201250.jpg\",\"datePublished\":\"2023-09-26T08:26:27+00:00\",\"dateModified\":\"2025-07-07T18:33:31+00:00\",\"description\":\"Davis werkt met mensen die anders denken en leren, zoals bij AD(H)D, autisme, dyslexie, dyscalculie en andere vormen van neurodivergent denken. We gebruiken praktische en creatieve methoden die aansluiten bij iemands unieke manier van leren.Onze programma\u2019s zijn holistisch en afgestemd op het individu. We bouwen voort op sterke kanten en reiken hulpmiddelen aan voor meer zelfinzicht en zelfsturing.Leren gebeurt via concrete en actieve werkvormen. Denk aan het boetseren van begrippen in klei. Zo wordt leren niet alleen tastbaar, maar ook plezierig. Deze aanpak zorgt voor blijvende vooruitgang op het gebied van lezen, schrijven, rekenen, aandacht en sociaal-emotionele ontwikkeling.\",\"breadcrumb\":{\"@id\":\"https:\/\/davismethod.com\/nl\/#breadcrumb\"},\"inLanguage\":\"nl-NL\",\"potentialAction\":[{\"@type\":\"ReadAction\",\"target\":[\"https:\/\/davismethod.com\/nl\/\"]}]},{\"@type\":\"ImageObject\",\"inLanguage\":\"nl-NL\",\"@id\":\"https:\/\/davismethod.com\/nl\/#primaryimage\",\"url\":\"https:\/\/davismethod.com\/wp-content\/uploads\/2023\/09\/GettyImages-1128201250.jpg\",\"contentUrl\":\"https:\/\/davismethod.com\/wp-content\/uploads\/2023\/09\/GettyImages-1128201250.jpg\",\"width\":2000,\"height\":1335},{\"@type\":\"BreadcrumbList\",\"@id\":\"https:\/\/davismethod.com\/nl\/#breadcrumb\",\"itemListElement\":[{\"@type\":\"ListItem\",\"position\":1,\"name\":\"Startpagina\",\"item\":\"https:\/\/davismethod.com\/nl\/\"},{\"@type\":\"ListItem\",\"position\":2,\"name\":\"Startpagina\"}]},{\"@type\":\"WebSite\",\"@id\":\"https:\/\/davismethod.com\/nl\/#website\",\"url\":\"https:\/\/davismethod.com\/nl\/\",\"name\":\"Davis\",\"description\":\"Meer zelfvertrouwen voor mensen die anders denken en leren.\",\"publisher\":{\"@id\":\"https:\/\/davismethod.com\/nl\/#organization\"},\"potentialAction\":[{\"@type\":\"SearchAction\",\"target\":{\"@type\":\"EntryPoint\",\"urlTemplate\":\"https:\/\/davismethod.com\/nl\/?s={search_term_string}\"},\"query-input\":{\"@type\":\"PropertyValueSpecification\",\"valueRequired\":true,\"valueName\":\"search_term_string\"}}],\"inLanguage\":\"nl-NL\"},{\"@type\":\"Organization\",\"@id\":\"https:\/\/davismethod.com\/nl\/#organization\",\"name\":\"Davis\",\"url\":\"https:\/\/davismethod.com\/nl\/\",\"logo\":{\"@type\":\"ImageObject\",\"inLanguage\":\"nl-NL\",\"@id\":\"https:\/\/davismethod.com\/nl\/#\/schema\/logo\/image\/\",\"url\":\"https:\/\/davismethod.com\/wp-content\/uploads\/2023\/09\/davis-logo.svg\",\"contentUrl\":\"https:\/\/davismethod.com\/wp-content\/uploads\/2023\/09\/davis-logo.svg\",\"width\":\"1024\",\"height\":\"1024\",\"caption\":\"Davis\"},\"image\":{\"@id\":\"https:\/\/davismethod.com\/nl\/#\/schema\/logo\/image\/\"},\"sameAs\":[\"https:\/\/www.facebook.com\/DavisDyslexia\",\"https:\/\/www.linkedin.com\/company\/ddai\/\"]}]}<\/script>\n<!-- \/ Yoast SEO plugin. -->","yoast_head_json":{"title":"Davis - Meer zelfvertrouwen voor mensen die anders denken en leren.","description":"Davis werkt met mensen die anders denken en leren, zoals bij AD(H)D, autisme, dyslexie, dyscalculie en andere vormen van neurodivergent denken. We gebruiken praktische en creatieve methoden die aansluiten bij iemands unieke manier van leren.Onze programma\u2019s zijn holistisch en afgestemd op het individu. We bouwen voort op sterke kanten en reiken hulpmiddelen aan voor meer zelfinzicht en zelfsturing.Leren gebeurt via concrete en actieve werkvormen. Denk aan het boetseren van begrippen in klei. Zo wordt leren niet alleen tastbaar, maar ook plezierig. Deze aanpak zorgt voor blijvende vooruitgang op het gebied van lezen, schrijven, rekenen, aandacht en sociaal-emotionele ontwikkeling.","robots":{"index":"index","follow":"follow","max-snippet":"max-snippet:-1","max-image-preview":"max-image-preview:large","max-video-preview":"max-video-preview:-1"},"canonical":"https:\/\/davismethod.com\/nl\/","og_locale":"nl_NL","og_type":"article","og_title":"Davis-methode: Levens & leren blijvend veranderen","og_description":"Davis is er voor neurodivergente denkstijlen zoals AD(H)D, autisme, dyscalculie en dyslexie. We bieden nieuwe mogelijkheden door middel van praktische, creatieve methoden die zijn afgestemd op deze unieke leerstijlen. Davis-programma's zijn holistische en individueel. De nadruk ligt op je sterke punten. Je krijgt onder meer technieken voor zelfregulering en zelfbewustzijn.Het leren is interactief en plezierig door praktische oefeningen en het gebruik van klei. Hierdoor zien we opvallende verbeteringen in lezen, schrijven, rekenen, aandacht en sociaal-emotionele ontwikkeling.","og_url":"https:\/\/davismethod.com\/nl\/","og_site_name":"Davis - English","article_publisher":"https:\/\/www.facebook.com\/DavisDyslexia","article_modified_time":"2025-07-07T18:33:31+00:00","og_image":[{"url":"https:\/\/davismethod.com\/wp-content\/uploads\/2024\/06\/Davismethod.com_screnshot-1024x545.png","type":"","width":"","height":""}],"twitter_card":"summary_large_image","twitter_misc":{"Geschatte leestijd":"1 minuut"},"schema":{"@context":"https:\/\/schema.org","@graph":[{"@type":"WebPage","@id":"https:\/\/davismethod.com\/nl\/","url":"https:\/\/davismethod.com\/nl\/","name":"Davis - Meer zelfvertrouwen voor mensen die anders denken en leren.","isPartOf":{"@id":"https:\/\/davismethod.com\/nl\/#website"},"primaryImageOfPage":{"@id":"https:\/\/davismethod.com\/nl\/#primaryimage"},"image":{"@id":"https:\/\/davismethod.com\/nl\/#primaryimage"},"thumbnailUrl":"https:\/\/davismethod.com\/wp-content\/uploads\/2023\/09\/GettyImages-1128201250.jpg","datePublished":"2023-09-26T08:26:27+00:00","dateModified":"2025-07-07T18:33:31+00:00","description":"Davis werkt met mensen die anders denken en leren, zoals bij AD(H)D, autisme, dyslexie, dyscalculie en andere vormen van neurodivergent denken. We gebruiken praktische en creatieve methoden die aansluiten bij iemands unieke manier van leren.Onze programma\u2019s zijn holistisch en afgestemd op het individu. We bouwen voort op sterke kanten en reiken hulpmiddelen aan voor meer zelfinzicht en zelfsturing.Leren gebeurt via concrete en actieve werkvormen. Denk aan het boetseren van begrippen in klei. Zo wordt leren niet alleen tastbaar, maar ook plezierig. Deze aanpak zorgt voor blijvende vooruitgang op het gebied van lezen, schrijven, rekenen, aandacht en sociaal-emotionele ontwikkeling.","breadcrumb":{"@id":"https:\/\/davismethod.com\/nl\/#breadcrumb"},"inLanguage":"nl-NL","potentialAction":[{"@type":"ReadAction","target":["https:\/\/davismethod.com\/nl\/"]}]},{"@type":"ImageObject","inLanguage":"nl-NL","@id":"https:\/\/davismethod.com\/nl\/#primaryimage","url":"https:\/\/davismethod.com\/wp-content\/uploads\/2023\/09\/GettyImages-1128201250.jpg","contentUrl":"https:\/\/davismethod.com\/wp-content\/uploads\/2023\/09\/GettyImages-1128201250.jpg","width":2000,"height":1335},{"@type":"BreadcrumbList","@id":"https:\/\/davismethod.com\/nl\/#breadcrumb","itemListElement":[{"@type":"ListItem","position":1,"name":"Startpagina","item":"https:\/\/davismethod.com\/nl\/"},{"@type":"ListItem","position":2,"name":"Startpagina"}]},{"@type":"WebSite","@id":"https:\/\/davismethod.com\/nl\/#website","url":"https:\/\/davismethod.com\/nl\/","name":"Davis","description":"Meer zelfvertrouwen voor mensen die anders denken en leren.","publisher":{"@id":"https:\/\/davismethod.com\/nl\/#organization"},"potentialAction":[{"@type":"SearchAction","target":{"@type":"EntryPoint","urlTemplate":"https:\/\/davismethod.com\/nl\/?s={search_term_string}"},"query-input":{"@type":"PropertyValueSpecification","valueRequired":true,"valueName":"search_term_string"}}],"inLanguage":"nl-NL"},{"@type":"Organization","@id":"https:\/\/davismethod.com\/nl\/#organization","name":"Davis","url":"https:\/\/davismethod.com\/nl\/","logo":{"@type":"ImageObject","inLanguage":"nl-NL","@id":"https:\/\/davismethod.com\/nl\/#\/schema\/logo\/image\/","url":"https:\/\/davismethod.com\/wp-content\/uploads\/2023\/09\/davis-logo.svg","contentUrl":"https:\/\/davismethod.com\/wp-content\/uploads\/2023\/09\/davis-logo.svg","width":"1024","height":"1024","caption":"Davis"},"image":{"@id":"https:\/\/davismethod.com\/nl\/#\/schema\/logo\/image\/"},"sameAs":["https:\/\/www.facebook.com\/DavisDyslexia","https:\/\/www.linkedin.com\/company\/ddai\/"]}]}},"_links":{"self":[{"href":"https:\/\/davismethod.com\/nl\/wp-json\/wp\/v2\/pages\/10194","targetHints":{"allow":["GET"]}}],"collection":[{"href":"https:\/\/davismethod.com\/nl\/wp-json\/wp\/v2\/pages"}],"about":[{"href":"https:\/\/davismethod.com\/nl\/wp-json\/wp\/v2\/types\/page"}],"author":[{"embeddable":true,"href":"https:\/\/davismethod.com\/nl\/wp-json\/wp\/v2\/users\/1"}],"replies":[{"embeddable":true,"href":"https:\/\/davismethod.com\/nl\/wp-json\/wp\/v2\/comments?post=10194"}],"version-history":[{"count":13,"href":"https:\/\/davismethod.com\/nl\/wp-json\/wp\/v2\/pages\/10194\/revisions"}],"predecessor-version":[{"id":13272,"href":"https:\/\/davismethod.com\/nl\/wp-json\/wp\/v2\/pages\/10194\/revisions\/13272"}],"wp:featuredmedia":[{"embeddable":true,"href":"https:\/\/davismethod.com\/nl\/wp-json\/wp\/v2\/media\/10228"}],"wp:attachment":[{"href":"https:\/\/davismethod.com\/nl\/wp-json\/wp\/v2\/media?parent=10194"}],"wp:term":[{"taxonomy":"category","embeddable":true,"href":"https:\/\/davismethod.com\/nl\/wp-json\/wp\/v2\/categories?post=10194"},{"taxonomy":"post_tag","embeddable":true,"href":"https:\/\/davismethod.com\/nl\/wp-json\/wp\/v2\/tags?post=10194"}],"curies":[{"name":"wp","href":"https:\/\/api.w.org\/{rel}","templated":true}]}}